{"id":1894,"date":"2023-12-21T16:24:22","date_gmt":"2023-12-21T15:24:22","guid":{"rendered":"https:\/\/www.kowotest.de\/history\/"},"modified":"2024-02-05T15:08:00","modified_gmt":"2024-02-05T14:08:00","slug":"history","status":"publish","type":"page","link":"https:\/\/www.kowotest.de\/en\/history\/","title":{"rendered":"History"},"content":{"rendered":"<div class=\"wpb-content-wrapper\"><p>[vc_row css=&#8221;.vc_custom_1703672004658{background-color: #ffffff !important;}&#8221; conditional_render=&#8221;%5B%7B%22value_role%22%3A%22administrator%22%7D%5D&#8221;][vc_column][vc_empty_space][vc_column_text]<\/p>\n<h3><span style=\"font-size: 26px; color: #005eb8;\"><strong>History<\/strong><\/span><\/h3>\n<p>[\/vc_column_text][vc_separator color=&#8221;custom&#8221; align=&#8221;align_left&#8221; border_width=&#8221;2&#8243; el_width=&#8221;10&#8243; style=&#8221;solid&#8221; accent_color=&#8221;#005eb8&#8243;][vc_empty_space]<div class=\"wpb_custom_aa84c36a6a947f6099708744f0f74b68\"><div class=\"timeline-balloon p-b-lg m-b-sm   wpb_custom_e03dc5a8a169bfdfccbaed44883810c3\"><div class=\"balloon-cell balloon-time\"><span style=\"color:#8c969d !important\" class=\"time-text step-item-subtitle\">2014<\/span><div class=\"time-dot background-color-light\"><\/div><\/div><div class=\"balloon-cell\"><div class=\"balloon-content background-color-light\"><span class=\"balloon-arrow\"><\/span><div class=\"balloon-description\"><h5 style=\"color:#005eb8 !important\" class=\"step-item-title text-color-dark font-weight-bold p-t-xs\">KOWOTEST Gesellschaft f\u00fcr Pr\u00fcfausr\u00fcstung mbH<\/h5><div class=\"step-item-desc\">Fritz H\u00f6rauf and Andre Storm become Managing Directors<\/div><\/div><\/div><\/div><\/div><div class=\"timeline-balloon p-b-lg m-b-sm   wpb_custom_e03dc5a8a169bfdfccbaed44883810c3\"><div class=\"balloon-cell balloon-time\"><span style=\"color:#8c969d !important\" class=\"time-text step-item-subtitle\">1997<\/span><div class=\"time-dot background-color-light\"><\/div><\/div><div class=\"balloon-cell\"><div class=\"balloon-content background-color-light\"><span class=\"balloon-arrow\"><\/span><div class=\"balloon-description\"><h5 style=\"color:#005eb8 !important\" class=\"step-item-title text-color-dark font-weight-bold p-t-xs\">KOWOTEST S\u00fcd in Trostberg \/ Germany<\/h5><div class=\"step-item-desc\">Fritz H\u00f6rauf starts branch of KOWOTEST in the south of Germany<\/div><\/div><\/div><\/div><\/div><div class=\"timeline-balloon p-b-lg m-b-sm   wpb_custom_e03dc5a8a169bfdfccbaed44883810c3\"><div class=\"balloon-cell balloon-time\"><span style=\"color:#8c969d !important\" class=\"time-text step-item-subtitle\">1986<\/span><div class=\"time-dot background-color-light\"><\/div><\/div><div class=\"balloon-cell\"><div class=\"balloon-content background-color-light\"><span class=\"balloon-arrow\"><\/span><div class=\"balloon-description\"><h5 style=\"color:#005eb8 !important\" class=\"step-item-title text-color-dark font-weight-bold p-t-xs\">KOWOTEST Gesellschaft f\u00fcr Pr\u00fcfausr\u00fcstung mbH in Langenfeld \/ Germany<\/h5><div class=\"step-item-desc\">Christoph von dem Bussche starts together with Claus Storm as Managing Director a new NDT company close to D\u00fcsseldorf<\/div><\/div><\/div><\/div><\/div><div class=\"timeline-balloon p-b-lg m-b-sm   wpb_custom_e03dc5a8a169bfdfccbaed44883810c3\"><div class=\"balloon-cell balloon-time\"><span style=\"color:#8c969d !important\" class=\"time-text step-item-subtitle\">1970<\/span><div class=\"time-dot background-color-light\"><\/div><\/div><div class=\"balloon-cell\"><div class=\"balloon-content background-color-light\"><span class=\"balloon-arrow\"><\/span><div class=\"balloon-description\"><h5 style=\"color:#005eb8 !important\" class=\"step-item-title text-color-dark font-weight-bold p-t-xs\">KOWOL GmbH in D\u00fcsseldorf \/ Germany<\/h5><div class=\"step-item-desc\">Ernest Kowol starts NDT business in Germany<br \/>\nChristoph von dem Bussche becomes Managing Director<br \/>\nTom Kowol, son of Ernest Kowol, becomes Technical Director<\/div><\/div><\/div><\/div><\/div><div class=\"timeline-balloon p-b-lg m-b-sm   wpb_custom_e03dc5a8a169bfdfccbaed44883810c3\"><div class=\"balloon-cell balloon-time\"><span style=\"color:#8c969d !important\" class=\"time-text step-item-subtitle\">1959<\/span><div class=\"time-dot background-color-light\"><\/div><\/div><div class=\"balloon-cell\"><div class=\"balloon-content background-color-light\"><span class=\"balloon-arrow\"><\/span><div class=\"balloon-description\"><h5 style=\"color:#005eb8 !important\" class=\"step-item-title text-color-dark font-weight-bold p-t-xs\">Inspection Equipment Limited in East Sussex \/ England<\/h5><div class=\"step-item-desc\">Ernest Kowol establishes a new brand in NDT market<\/div><\/div><\/div><\/div><\/div><div class=\"timeline-balloon p-b-lg m-b-sm   wpb_custom_e03dc5a8a169bfdfccbaed44883810c3\"><div class=\"balloon-cell balloon-time\"><span style=\"color:#8c969d !important\" class=\"time-text step-item-subtitle\">1967<\/span><div class=\"time-dot background-color-light\"><\/div><\/div><div class=\"balloon-cell\"><div class=\"balloon-content background-color-light\"><span class=\"balloon-arrow\"><\/span><div class=\"balloon-description\"><h5 style=\"color:#005eb8 !important\" class=\"step-item-title text-color-dark font-weight-bold p-t-xs\">FEDREX Limited in East Sussex \/ England<\/h5><div class=\"step-item-desc\">Ernest Kowol starts NDT business in Great Britain<\/div><\/div><\/div><\/div><\/div><\/div>[\/vc_column][\/vc_row]<\/p>\n<\/div>","protected":false},"excerpt":{"rendered":"<p>[vc_row css=&#8221;.vc_custom_1703672004658{background-color: #ffffff !important;}&#8221; conditional_render=&#8221;%5B%7B%22value_role%22%3A%22administrator%22%7D%5D&#8221;][vc_column][vc_empty_space][vc_column_text] History [\/vc_column_text][vc_separator color=&#8221;custom&#8221; align=&#8221;align_left&#8221; border_width=&#8221;2&#8243; el_width=&#8221;10&#8243; style=&#8221;solid&#8221; accent_color=&#8221;#005eb8&#8243;][vc_empty_space][\/vc_column][\/vc_row]<\/p>\n","protected":false},"author":1,"featured_media":0,"parent":0,"menu_order":0,"comment_status":"closed","ping_status":"closed","template":"","meta":{"footnotes":""},"class_list":["post-1894","page","type-page","status-publish","hentry"],"_links":{"self":[{"href":"https:\/\/www.kowotest.de\/en\/wp-json\/wp\/v2\/pages\/1894","targetHints":{"allow":["GET"]}}],"collection":[{"href":"https:\/\/www.kowotest.de\/en\/wp-json\/wp\/v2\/pages"}],"about":[{"href":"https:\/\/www.kowotest.de\/en\/wp-json\/wp\/v2\/types\/page"}],"author":[{"embeddable":true,"href":"https:\/\/www.kowotest.de\/en\/wp-json\/wp\/v2\/users\/1"}],"replies":[{"embeddable":true,"href":"https:\/\/www.kowotest.de\/en\/wp-json\/wp\/v2\/comments?post=1894"}],"version-history":[{"count":2,"href":"https:\/\/www.kowotest.de\/en\/wp-json\/wp\/v2\/pages\/1894\/revisions"}],"predecessor-version":[{"id":1896,"href":"https:\/\/www.kowotest.de\/en\/wp-json\/wp\/v2\/pages\/1894\/revisions\/1896"}],"wp:attachment":[{"href":"https:\/\/www.kowotest.de\/en\/wp-json\/wp\/v2\/media?parent=1894"}],"curies":[{"name":"wp","href":"https:\/\/api.w.org\/{rel}","templated":true}]}}